{"id":372,"date":"2021-05-25T15:16:28","date_gmt":"2021-05-25T18:16:28","guid":{"rendered":"https:\/\/www.defesadacf88.ufscar.br\/?page_id=372"},"modified":"2021-06-16T17:12:08","modified_gmt":"2021-06-16T20:12:08","slug":"resumo-dos-artigos-da-cf","status":"publish","type":"page","link":"https:\/\/www.defesadacf88.ufscar.br\/index.php\/resumo-dos-artigos-da-cf\/","title":{"rendered":"Resumo dos artigos da CF"},"content":{"rendered":"\n<p>Essa p\u00e1gina possui como objetivo expor os resumos dos artigos da Constitui\u00e7\u00e3o Federal de 1988.  Trata-se de 30 (trinta) imagens, as quais s\u00e3o utilizadas como resumo dos artigos que s\u00e3o lidos em cada encontro do nosso grupo. <br>Os resumos s\u00e3o escritos pela Graziella Montes Valverde, mestre em Direito pela UFJF e membro da nossa Rede de Defesa da CF88.<\/p>\n\n\n\n<p>Segue abaixo, em ordem temporal, todos os resumos dos respectivos artigos:<\/p>\n\n\n\n<figure class=\"wp-block-image size-large\"><img loading=\"lazy\" width=\"940\" height=\"788\" src=\"https:\/\/www.defesadacf88.ufscar.br\/wp-content\/uploads\/2021\/06\/1.jpeg\" alt=\"\" class=\"wp-image-381\" srcset=\"https:\/\/www.defesadacf88.ufscar.br\/wp-content\/uploads\/2021\/06\/1.jpeg 940w, https:\/\/www.defesadacf88.ufscar.br\/wp-content\/uploads\/2021\/06\/1-300x251.jpeg 300w, https:\/\/www.defesadacf88.ufscar.br\/wp-content\/uploads\/2021\/06\/1-768x644.jpeg 768w, https:\/\/www.defesadacf88.ufscar.br\/wp-content\/uploads\/2021\/06\/1-85x70.jpeg 85w\" sizes=\"(max-width: 940px) 100vw, 940px\" \/><\/figure>\n\n\n\n<figure class=\"wp-block-image size-large\"><img loading=\"lazy\" width=\"940\" height=\"788\" src=\"https:\/\/www.defesadacf88.ufscar.br\/wp-content\/uploads\/2021\/06\/2.jpeg\" alt=\"\" class=\"wp-image-383\" srcset=\"https:\/\/www.defesadacf88.ufscar.br\/wp-content\/uploads\/2021\/06\/2.jpeg 940w, https:\/\/www.defesadacf88.ufscar.br\/wp-content\/uploads\/2021\/06\/2-300x251.jpeg 300w, https:\/\/www.defesadacf88.ufscar.br\/wp-content\/uploads\/2021\/06\/2-768x644.jpeg 768w, https:\/\/www.defesadacf88.ufscar.br\/wp-content\/uploads\/2021\/06\/2-85x70.jpeg 85w\" sizes=\"(max-width: 940px) 100vw, 940px\" \/><\/figure>\n\n\n\n<figure class=\"wp-block-image size-large\"><img loading=\"lazy\" width=\"940\" height=\"788\" src=\"https:\/\/www.defesadacf88.ufscar.br\/wp-content\/uploads\/2021\/06\/3.jpeg\" alt=\"\" class=\"wp-image-384\" srcset=\"https:\/\/www.defesadacf88.ufscar.br\/wp-content\/uploads\/2021\/06\/3.jpeg 940w, https:\/\/www.defesadacf88.ufscar.br\/wp-content\/uploads\/2021\/06\/3-300x251.jpeg 300w, https:\/\/www.defesadacf88.ufscar.br\/wp-content\/uploads\/2021\/06\/3-768x644.jpeg 768w, https:\/\/www.defesadacf88.ufscar.br\/wp-content\/uploads\/2021\/06\/3-85x70.jpeg 85w\" sizes=\"(max-width: 940px) 100vw, 940px\" \/><\/figure>\n\n\n\n<figure class=\"wp-block-image size-large\"><img loading=\"lazy\" width=\"940\" height=\"788\" src=\"https:\/\/www.defesadacf88.ufscar.br\/wp-content\/uploads\/2021\/06\/4.jpeg\" alt=\"\" class=\"wp-image-385\" srcset=\"https:\/\/www.defesadacf88.ufscar.br\/wp-content\/uploads\/2021\/06\/4.jpeg 940w, https:\/\/www.defesadacf88.ufscar.br\/wp-content\/uploads\/2021\/06\/4-300x251.jpeg 300w, https:\/\/www.defesadacf88.ufscar.br\/wp-content\/uploads\/2021\/06\/4-768x644.jpeg 768w, https:\/\/www.defesadacf88.ufscar.br\/wp-content\/uploads\/2021\/06\/4-85x70.jpeg 85w\" sizes=\"(max-width: 940px) 100vw, 940px\" \/><\/figure>\n\n\n\n<figure class=\"wp-block-image size-large\"><img loading=\"lazy\" width=\"940\" height=\"788\" src=\"https:\/\/www.defesadacf88.ufscar.br\/wp-content\/uploads\/2021\/06\/5.jpeg\" alt=\"\" class=\"wp-image-386\" srcset=\"https:\/\/www.defesadacf88.ufscar.br\/wp-content\/uploads\/2021\/06\/5.jpeg 940w, https:\/\/www.defesadacf88.ufscar.br\/wp-content\/uploads\/2021\/06\/5-300x251.jpeg 300w, https:\/\/www.defesadacf88.ufscar.br\/wp-content\/uploads\/2021\/06\/5-768x644.jpeg 768w, https:\/\/www.defesadacf88.ufscar.br\/wp-content\/uploads\/2021\/06\/5-85x70.jpeg 85w\" sizes=\"(max-width: 940px) 100vw, 940px\" \/><\/figure>\n\n\n\n<figure class=\"wp-block-image size-large\"><img loading=\"lazy\" width=\"940\" height=\"788\" src=\"https:\/\/www.defesadacf88.ufscar.br\/wp-content\/uploads\/2021\/06\/6.jpeg\" alt=\"\" class=\"wp-image-387\" srcset=\"https:\/\/www.defesadacf88.ufscar.br\/wp-content\/uploads\/2021\/06\/6.jpeg 940w, https:\/\/www.defesadacf88.ufscar.br\/wp-content\/uploads\/2021\/06\/6-300x251.jpeg 300w, https:\/\/www.defesadacf88.ufscar.br\/wp-content\/uploads\/2021\/06\/6-768x644.jpeg 768w, https:\/\/www.defesadacf88.ufscar.br\/wp-content\/uploads\/2021\/06\/6-85x70.jpeg 85w\" sizes=\"(max-width: 940px) 100vw, 940px\" \/><\/figure>\n\n\n\n<figure class=\"wp-block-image size-large\"><img loading=\"lazy\" width=\"940\" height=\"788\" src=\"https:\/\/www.defesadacf88.ufscar.br\/wp-content\/uploads\/2021\/06\/7.jpeg\" alt=\"\" class=\"wp-image-388\" srcset=\"https:\/\/www.defesadacf88.ufscar.br\/wp-content\/uploads\/2021\/06\/7.jpeg 940w, https:\/\/www.defesadacf88.ufscar.br\/wp-content\/uploads\/2021\/06\/7-300x251.jpeg 300w, https:\/\/www.defesadacf88.ufscar.br\/wp-content\/uploads\/2021\/06\/7-768x644.jpeg 768w, https:\/\/www.defesadacf88.ufscar.br\/wp-content\/uploads\/2021\/06\/7-85x70.jpeg 85w\" sizes=\"(max-width: 940px) 100vw, 940px\" \/><\/figure>\n\n\n\n<figure class=\"wp-block-image size-large\"><img loading=\"lazy\" width=\"940\" height=\"788\" src=\"https:\/\/www.defesadacf88.ufscar.br\/wp-content\/uploads\/2021\/06\/8.jpeg\" alt=\"\" class=\"wp-image-389\" srcset=\"https:\/\/www.defesadacf88.ufscar.br\/wp-content\/uploads\/2021\/06\/8.jpeg 940w, https:\/\/www.defesadacf88.ufscar.br\/wp-content\/uploads\/2021\/06\/8-300x251.jpeg 300w, https:\/\/www.defesadacf88.ufscar.br\/wp-content\/uploads\/2021\/06\/8-768x644.jpeg 768w, https:\/\/www.defesadacf88.ufscar.br\/wp-content\/uploads\/2021\/06\/8-85x70.jpeg 85w\" sizes=\"(max-width: 940px) 100vw, 940px\" \/><\/figure>\n\n\n\n<figure class=\"wp-block-image size-large\"><img loading=\"lazy\" width=\"940\" height=\"788\" src=\"https:\/\/www.defesadacf88.ufscar.br\/wp-content\/uploads\/2021\/06\/9.jpeg\" alt=\"\" class=\"wp-image-390\" srcset=\"https:\/\/www.defesadacf88.ufscar.br\/wp-content\/uploads\/2021\/06\/9.jpeg 940w, https:\/\/www.defesadacf88.ufscar.br\/wp-content\/uploads\/2021\/06\/9-300x251.jpeg 300w, https:\/\/www.defesadacf88.ufscar.br\/wp-content\/uploads\/2021\/06\/9-768x644.jpeg 768w, https:\/\/www.defesadacf88.ufscar.br\/wp-content\/uploads\/2021\/06\/9-85x70.jpeg 85w\" sizes=\"(max-width: 940px) 100vw, 940px\" \/><\/figure>\n\n\n\n<figure class=\"wp-block-image size-large\"><img loading=\"lazy\" width=\"940\" height=\"788\" src=\"https:\/\/www.defesadacf88.ufscar.br\/wp-content\/uploads\/2021\/06\/10.jpeg\" alt=\"\" class=\"wp-image-391\" srcset=\"https:\/\/www.defesadacf88.ufscar.br\/wp-content\/uploads\/2021\/06\/10.jpeg 940w, https:\/\/www.defesadacf88.ufscar.br\/wp-content\/uploads\/2021\/06\/10-300x251.jpeg 300w, https:\/\/www.defesadacf88.ufscar.br\/wp-content\/uploads\/2021\/06\/10-768x644.jpeg 768w, https:\/\/www.defesadacf88.ufscar.br\/wp-content\/uploads\/2021\/06\/10-85x70.jpeg 85w\" sizes=\"(max-width: 940px) 100vw, 940px\" \/><\/figure>\n\n\n\n<figure class=\"wp-block-image size-large\"><img loading=\"lazy\" width=\"940\" height=\"788\" src=\"https:\/\/www.defesadacf88.ufscar.br\/wp-content\/uploads\/2021\/06\/11.jpeg\" alt=\"\" class=\"wp-image-392\" srcset=\"https:\/\/www.defesadacf88.ufscar.br\/wp-content\/uploads\/2021\/06\/11.jpeg 940w, https:\/\/www.defesadacf88.ufscar.br\/wp-content\/uploads\/2021\/06\/11-300x251.jpeg 300w, https:\/\/www.defesadacf88.ufscar.br\/wp-content\/uploads\/2021\/06\/11-768x644.jpeg 768w, https:\/\/www.defesadacf88.ufscar.br\/wp-content\/uploads\/2021\/06\/11-85x70.jpeg 85w\" sizes=\"(max-width: 940px) 100vw, 940px\" \/><\/figure>\n\n\n\n<figure class=\"wp-block-image size-large\"><img loading=\"lazy\" width=\"940\" height=\"788\" src=\"https:\/\/www.defesadacf88.ufscar.br\/wp-content\/uploads\/2021\/06\/12.jpeg\" alt=\"\" class=\"wp-image-393\" srcset=\"https:\/\/www.defesadacf88.ufscar.br\/wp-content\/uploads\/2021\/06\/12.jpeg 940w, https:\/\/www.defesadacf88.ufscar.br\/wp-content\/uploads\/2021\/06\/12-300x251.jpeg 300w, https:\/\/www.defesadacf88.ufscar.br\/wp-content\/uploads\/2021\/06\/12-768x644.jpeg 768w, https:\/\/www.defesadacf88.ufscar.br\/wp-content\/uploads\/2021\/06\/12-85x70.jpeg 85w\" sizes=\"(max-width: 940px) 100vw, 940px\" \/><\/figure>\n\n\n\n<figure class=\"wp-block-image size-large\"><img loading=\"lazy\" width=\"940\" height=\"788\" src=\"https:\/\/www.defesadacf88.ufscar.br\/wp-content\/uploads\/2021\/06\/13.jpeg\" alt=\"\" class=\"wp-image-394\" srcset=\"https:\/\/www.defesadacf88.ufscar.br\/wp-content\/uploads\/2021\/06\/13.jpeg 940w, https:\/\/www.defesadacf88.ufscar.br\/wp-content\/uploads\/2021\/06\/13-300x251.jpeg 300w, https:\/\/www.defesadacf88.ufscar.br\/wp-content\/uploads\/2021\/06\/13-768x644.jpeg 768w, https:\/\/www.defesadacf88.ufscar.br\/wp-content\/uploads\/2021\/06\/13-85x70.jpeg 85w\" sizes=\"(max-width: 940px) 100vw, 940px\" \/><\/figure>\n\n\n\n<figure class=\"wp-block-image size-large\"><img loading=\"lazy\" width=\"940\" height=\"788\" src=\"https:\/\/www.defesadacf88.ufscar.br\/wp-content\/uploads\/2021\/06\/14.jpeg\" alt=\"\" class=\"wp-image-395\" srcset=\"https:\/\/www.defesadacf88.ufscar.br\/wp-content\/uploads\/2021\/06\/14.jpeg 940w, https:\/\/www.defesadacf88.ufscar.br\/wp-content\/uploads\/2021\/06\/14-300x251.jpeg 300w, https:\/\/www.defesadacf88.ufscar.br\/wp-content\/uploads\/2021\/06\/14-768x644.jpeg 768w, https:\/\/www.defesadacf88.ufscar.br\/wp-content\/uploads\/2021\/06\/14-85x70.jpeg 85w\" sizes=\"(max-width: 940px) 100vw, 940px\" \/><\/figure>\n\n\n\n<figure class=\"wp-block-image size-large\"><img loading=\"lazy\" width=\"940\" height=\"788\" src=\"https:\/\/www.defesadacf88.ufscar.br\/wp-content\/uploads\/2021\/06\/15.jpeg\" alt=\"\" class=\"wp-image-396\" srcset=\"https:\/\/www.defesadacf88.ufscar.br\/wp-content\/uploads\/2021\/06\/15.jpeg 940w, https:\/\/www.defesadacf88.ufscar.br\/wp-content\/uploads\/2021\/06\/15-300x251.jpeg 300w, https:\/\/www.defesadacf88.ufscar.br\/wp-content\/uploads\/2021\/06\/15-768x644.jpeg 768w, https:\/\/www.defesadacf88.ufscar.br\/wp-content\/uploads\/2021\/06\/15-85x70.jpeg 85w\" sizes=\"(max-width: 940px) 100vw, 940px\" \/><\/figure>\n\n\n\n<figure class=\"wp-block-image size-large\"><img loading=\"lazy\" width=\"940\" height=\"788\" src=\"https:\/\/www.defesadacf88.ufscar.br\/wp-content\/uploads\/2021\/06\/16.jpeg\" alt=\"\" class=\"wp-image-397\" srcset=\"https:\/\/www.defesadacf88.ufscar.br\/wp-content\/uploads\/2021\/06\/16.jpeg 940w, https:\/\/www.defesadacf88.ufscar.br\/wp-content\/uploads\/2021\/06\/16-300x251.jpeg 300w, https:\/\/www.defesadacf88.ufscar.br\/wp-content\/uploads\/2021\/06\/16-768x644.jpeg 768w, https:\/\/www.defesadacf88.ufscar.br\/wp-content\/uploads\/2021\/06\/16-85x70.jpeg 85w\" sizes=\"(max-width: 940px) 100vw, 940px\" \/><\/figure>\n\n\n\n<figure class=\"wp-block-image size-large\"><img loading=\"lazy\" width=\"940\" height=\"788\" src=\"https:\/\/www.defesadacf88.ufscar.br\/wp-content\/uploads\/2021\/06\/17.jpeg\" alt=\"\" class=\"wp-image-398\" srcset=\"https:\/\/www.defesadacf88.ufscar.br\/wp-content\/uploads\/2021\/06\/17.jpeg 940w, https:\/\/www.defesadacf88.ufscar.br\/wp-content\/uploads\/2021\/06\/17-300x251.jpeg 300w, https:\/\/www.defesadacf88.ufscar.br\/wp-content\/uploads\/2021\/06\/17-768x644.jpeg 768w, https:\/\/www.defesadacf88.ufscar.br\/wp-content\/uploads\/2021\/06\/17-85x70.jpeg 85w\" sizes=\"(max-width: 940px) 100vw, 940px\" \/><\/figure>\n\n\n\n<figure class=\"wp-block-image size-large\"><img loading=\"lazy\" width=\"940\" height=\"788\" src=\"https:\/\/www.defesadacf88.ufscar.br\/wp-content\/uploads\/2021\/06\/18.jpeg\" alt=\"\" class=\"wp-image-399\" srcset=\"https:\/\/www.defesadacf88.ufscar.br\/wp-content\/uploads\/2021\/06\/18.jpeg 940w, https:\/\/www.defesadacf88.ufscar.br\/wp-content\/uploads\/2021\/06\/18-300x251.jpeg 300w, https:\/\/www.defesadacf88.ufscar.br\/wp-content\/uploads\/2021\/06\/18-768x644.jpeg 768w, https:\/\/www.defesadacf88.ufscar.br\/wp-content\/uploads\/2021\/06\/18-85x70.jpeg 85w\" sizes=\"(max-width: 940px) 100vw, 940px\" \/><\/figure>\n\n\n\n<figure class=\"wp-block-image size-large\"><img loading=\"lazy\" width=\"940\" height=\"788\" src=\"https:\/\/www.defesadacf88.ufscar.br\/wp-content\/uploads\/2021\/06\/19.jpeg\" alt=\"\" class=\"wp-image-400\" srcset=\"https:\/\/www.defesadacf88.ufscar.br\/wp-content\/uploads\/2021\/06\/19.jpeg 940w, https:\/\/www.defesadacf88.ufscar.br\/wp-content\/uploads\/2021\/06\/19-300x251.jpeg 300w, https:\/\/www.defesadacf88.ufscar.br\/wp-content\/uploads\/2021\/06\/19-768x644.jpeg 768w, https:\/\/www.defesadacf88.ufscar.br\/wp-content\/uploads\/2021\/06\/19-85x70.jpeg 85w\" sizes=\"(max-width: 940px) 100vw, 940px\" \/><\/figure>\n\n\n\n<figure class=\"wp-block-image size-large\"><img loading=\"lazy\" width=\"940\" height=\"788\" src=\"https:\/\/www.defesadacf88.ufscar.br\/wp-content\/uploads\/2021\/06\/20.jpeg\" alt=\"\" class=\"wp-image-401\" srcset=\"https:\/\/www.defesadacf88.ufscar.br\/wp-content\/uploads\/2021\/06\/20.jpeg 940w, https:\/\/www.defesadacf88.ufscar.br\/wp-content\/uploads\/2021\/06\/20-300x251.jpeg 300w, https:\/\/www.defesadacf88.ufscar.br\/wp-content\/uploads\/2021\/06\/20-768x644.jpeg 768w, https:\/\/www.defesadacf88.ufscar.br\/wp-content\/uploads\/2021\/06\/20-85x70.jpeg 85w\" sizes=\"(max-width: 940px) 100vw, 940px\" \/><\/figure>\n\n\n\n<figure class=\"wp-block-image size-large\"><img loading=\"lazy\" width=\"940\" height=\"788\" src=\"https:\/\/www.defesadacf88.ufscar.br\/wp-content\/uploads\/2021\/06\/21.jpeg\" alt=\"\" class=\"wp-image-402\" srcset=\"https:\/\/www.defesadacf88.ufscar.br\/wp-content\/uploads\/2021\/06\/21.jpeg 940w, https:\/\/www.defesadacf88.ufscar.br\/wp-content\/uploads\/2021\/06\/21-300x251.jpeg 300w, https:\/\/www.defesadacf88.ufscar.br\/wp-content\/uploads\/2021\/06\/21-768x644.jpeg 768w, https:\/\/www.defesadacf88.ufscar.br\/wp-content\/uploads\/2021\/06\/21-85x70.jpeg 85w\" sizes=\"(max-width: 940px) 100vw, 940px\" \/><\/figure>\n\n\n\n<figure class=\"wp-block-image size-large\"><img loading=\"lazy\" width=\"940\" height=\"788\" src=\"https:\/\/www.defesadacf88.ufscar.br\/wp-content\/uploads\/2021\/06\/22.jpeg\" alt=\"\" class=\"wp-image-403\" srcset=\"https:\/\/www.defesadacf88.ufscar.br\/wp-content\/uploads\/2021\/06\/22.jpeg 940w, https:\/\/www.defesadacf88.ufscar.br\/wp-content\/uploads\/2021\/06\/22-300x251.jpeg 300w, https:\/\/www.defesadacf88.ufscar.br\/wp-content\/uploads\/2021\/06\/22-768x644.jpeg 768w, https:\/\/www.defesadacf88.ufscar.br\/wp-content\/uploads\/2021\/06\/22-85x70.jpeg 85w\" sizes=\"(max-width: 940px) 100vw, 940px\" \/><\/figure>\n\n\n\n<figure class=\"wp-block-image size-large\"><img loading=\"lazy\" width=\"940\" height=\"788\" src=\"https:\/\/www.defesadacf88.ufscar.br\/wp-content\/uploads\/2021\/06\/23.jpeg\" alt=\"\" class=\"wp-image-404\" srcset=\"https:\/\/www.defesadacf88.ufscar.br\/wp-content\/uploads\/2021\/06\/23.jpeg 940w, https:\/\/www.defesadacf88.ufscar.br\/wp-content\/uploads\/2021\/06\/23-300x251.jpeg 300w, https:\/\/www.defesadacf88.ufscar.br\/wp-content\/uploads\/2021\/06\/23-768x644.jpeg 768w, https:\/\/www.defesadacf88.ufscar.br\/wp-content\/uploads\/2021\/06\/23-85x70.jpeg 85w\" sizes=\"(max-width: 940px) 100vw, 940px\" \/><\/figure>\n\n\n\n<figure class=\"wp-block-image size-large\"><img loading=\"lazy\" width=\"940\" height=\"788\" src=\"https:\/\/www.defesadacf88.ufscar.br\/wp-content\/uploads\/2021\/06\/24.jpeg\" alt=\"\" class=\"wp-image-405\" srcset=\"https:\/\/www.defesadacf88.ufscar.br\/wp-content\/uploads\/2021\/06\/24.jpeg 940w, https:\/\/www.defesadacf88.ufscar.br\/wp-content\/uploads\/2021\/06\/24-300x251.jpeg 300w, https:\/\/www.defesadacf88.ufscar.br\/wp-content\/uploads\/2021\/06\/24-768x644.jpeg 768w, https:\/\/www.defesadacf88.ufscar.br\/wp-content\/uploads\/2021\/06\/24-85x70.jpeg 85w\" sizes=\"(max-width: 940px) 100vw, 940px\" \/><\/figure>\n\n\n\n<figure class=\"wp-block-image size-large\"><img loading=\"lazy\" width=\"940\" height=\"788\" src=\"https:\/\/www.defesadacf88.ufscar.br\/wp-content\/uploads\/2021\/06\/25.jpeg\" alt=\"\" class=\"wp-image-406\" srcset=\"https:\/\/www.defesadacf88.ufscar.br\/wp-content\/uploads\/2021\/06\/25.jpeg 940w, https:\/\/www.defesadacf88.ufscar.br\/wp-content\/uploads\/2021\/06\/25-300x251.jpeg 300w, https:\/\/www.defesadacf88.ufscar.br\/wp-content\/uploads\/2021\/06\/25-768x644.jpeg 768w, https:\/\/www.defesadacf88.ufscar.br\/wp-content\/uploads\/2021\/06\/25-85x70.jpeg 85w\" sizes=\"(max-width: 940px) 100vw, 940px\" \/><\/figure>\n\n\n\n<figure class=\"wp-block-image size-large\"><img loading=\"lazy\" width=\"940\" height=\"788\" src=\"https:\/\/www.defesadacf88.ufscar.br\/wp-content\/uploads\/2021\/06\/26.jpeg\" alt=\"\" class=\"wp-image-407\" srcset=\"https:\/\/www.defesadacf88.ufscar.br\/wp-content\/uploads\/2021\/06\/26.jpeg 940w, https:\/\/www.defesadacf88.ufscar.br\/wp-content\/uploads\/2021\/06\/26-300x251.jpeg 300w, https:\/\/www.defesadacf88.ufscar.br\/wp-content\/uploads\/2021\/06\/26-768x644.jpeg 768w, https:\/\/www.defesadacf88.ufscar.br\/wp-content\/uploads\/2021\/06\/26-85x70.jpeg 85w\" sizes=\"(max-width: 940px) 100vw, 940px\" \/><\/figure>\n\n\n\n<figure class=\"wp-block-image size-large\"><img loading=\"lazy\" width=\"940\" height=\"788\" src=\"https:\/\/www.defesadacf88.ufscar.br\/wp-content\/uploads\/2021\/06\/27.jpeg\" alt=\"\" class=\"wp-image-408\" srcset=\"https:\/\/www.defesadacf88.ufscar.br\/wp-content\/uploads\/2021\/06\/27.jpeg 940w, https:\/\/www.defesadacf88.ufscar.br\/wp-content\/uploads\/2021\/06\/27-300x251.jpeg 300w, https:\/\/www.defesadacf88.ufscar.br\/wp-content\/uploads\/2021\/06\/27-768x644.jpeg 768w, https:\/\/www.defesadacf88.ufscar.br\/wp-content\/uploads\/2021\/06\/27-85x70.jpeg 85w\" sizes=\"(max-width: 940px) 100vw, 940px\" \/><\/figure>\n\n\n\n<figure class=\"wp-block-image size-large\"><img loading=\"lazy\" width=\"940\" height=\"788\" src=\"https:\/\/www.defesadacf88.ufscar.br\/wp-content\/uploads\/2021\/06\/28.jpeg\" alt=\"\" class=\"wp-image-409\" srcset=\"https:\/\/www.defesadacf88.ufscar.br\/wp-content\/uploads\/2021\/06\/28.jpeg 940w, https:\/\/www.defesadacf88.ufscar.br\/wp-content\/uploads\/2021\/06\/28-300x251.jpeg 300w, https:\/\/www.defesadacf88.ufscar.br\/wp-content\/uploads\/2021\/06\/28-768x644.jpeg 768w, https:\/\/www.defesadacf88.ufscar.br\/wp-content\/uploads\/2021\/06\/28-85x70.jpeg 85w\" sizes=\"(max-width: 940px) 100vw, 940px\" \/><\/figure>\n\n\n\n<figure class=\"wp-block-image size-large\"><img loading=\"lazy\" width=\"940\" height=\"788\" src=\"https:\/\/www.defesadacf88.ufscar.br\/wp-content\/uploads\/2021\/06\/29.jpeg\" alt=\"\" class=\"wp-image-410\" srcset=\"https:\/\/www.defesadacf88.ufscar.br\/wp-content\/uploads\/2021\/06\/29.jpeg 940w, https:\/\/www.defesadacf88.ufscar.br\/wp-content\/uploads\/2021\/06\/29-300x251.jpeg 300w, https:\/\/www.defesadacf88.ufscar.br\/wp-content\/uploads\/2021\/06\/29-768x644.jpeg 768w, https:\/\/www.defesadacf88.ufscar.br\/wp-content\/uploads\/2021\/06\/29-85x70.jpeg 85w\" sizes=\"(max-width: 940px) 100vw, 940px\" \/><\/figure>\n","protected":false},"excerpt":{"rendered":"<p>Essa p\u00e1gina possui como objetivo expor os resumos dos artigos da Constitui\u00e7\u00e3o Federal de 1988. Trata-se de 30 (trinta) imagens, as quais s\u00e3o utilizadas como &hellip; <\/p>\n","protected":false},"author":2,"featured_media":0,"parent":0,"menu_order":0,"comment_status":"closed","ping_status":"closed","template":"","meta":[],"_links":{"self":[{"href":"https:\/\/www.defesadacf88.ufscar.br\/index.php\/wp-json\/wp\/v2\/pages\/372"}],"collection":[{"href":"https:\/\/www.defesadacf88.ufscar.br\/index.php\/wp-json\/wp\/v2\/pages"}],"about":[{"href":"https:\/\/www.defesadacf88.ufscar.br\/index.php\/wp-json\/wp\/v2\/types\/page"}],"author":[{"embeddable":true,"href":"https:\/\/www.defesadacf88.ufscar.br\/index.php\/wp-json\/wp\/v2\/users\/2"}],"replies":[{"embeddable":true,"href":"https:\/\/www.defesadacf88.ufscar.br\/index.php\/wp-json\/wp\/v2\/comments?post=372"}],"version-history":[{"count":3,"href":"https:\/\/www.defesadacf88.ufscar.br\/index.php\/wp-json\/wp\/v2\/pages\/372\/revisions"}],"predecessor-version":[{"id":411,"href":"https:\/\/www.defesadacf88.ufscar.br\/index.php\/wp-json\/wp\/v2\/pages\/372\/revisions\/411"}],"wp:attachment":[{"href":"https:\/\/www.defesadacf88.ufscar.br\/index.php\/wp-json\/wp\/v2\/media?parent=372"}],"curies":[{"name":"wp","href":"https:\/\/api.w.org\/{rel}","templated":true}]}}